{"id":830,"date":"2025-07-29T10:54:03","date_gmt":"2025-07-29T08:54:03","guid":{"rendered":"https:\/\/ver.video\/?page_id=830"},"modified":"2025-07-29T10:54:13","modified_gmt":"2025-07-29T08:54:13","slug":"aviso-legal","status":"publish","type":"page","link":"https:\/\/ver.video\/en\/aviso-legal\/","title":{"rendered":"Legal Notice"},"content":{"rendered":"<p>En cumplimiento con lo dispuesto en la Ley 34\/2002, de 11 de julio, de Servicios de la Sociedad de la Informaci\u00f3n y de Comercio Electr\u00f3nico (LSSI-CE), se informa de los siguientes aspectos legales de este sitio web:<\/p>\n\n\n\n<h4 class=\"wp-block-heading\"><strong>Titularidad del Sitio Web<\/strong><\/h4>\n\n\n\n<ul class=\"wp-block-list\">\n<li><strong>Raz\u00f3n social:<\/strong>\u00a0Digital Soul Technology<\/li>\n\n\n\n<li><strong>NIF\/NIT:<\/strong>\u00a0B16790040<\/li>\n\n\n\n<li><strong>Domicilio fiscal y social:<\/strong>\u00a031014, Navarra, Espa\u00f1a<\/li>\n\n\n\n<li><strong>Correo electr\u00f3nico:<\/strong> <a href=\"mailto:%20info@ver.video\" target=\"_blank\" rel=\"noreferrer noopener\">info@ver.video<\/a><\/li>\n\n\n\n<li><strong>Tel\u00e9fono:<\/strong>\u00a0+34 648744821<\/li>\n<\/ul>\n\n\n\n<h4 class=\"wp-block-heading\"><strong>Condiciones de uso<\/strong><\/h4>\n\n\n\n<p>El acceso y uso del sitio web de \u00a0Digital Soul Technology atribuye la condici\u00f3n de usuario e implica la aceptaci\u00f3n plena y sin reservas de todas y cada una de las disposiciones incluidas en este Aviso Legal, en la versi\u00f3n publicada por \u00a0Digital Soul Technology en el mismo momento en que el usuario acceda al sitio web.<\/p>\n\n\n\n<h4 class=\"wp-block-heading\"><strong>Propiedad Intelectual e Industrial<\/strong><\/h4>\n\n\n\n<p>Todos los contenidos del sitio web, entendiendo por estos, a t\u00edtulo enunciativo, los textos, fotograf\u00edas, gr\u00e1ficos, im\u00e1genes, iconos, tecnolog\u00eda, software, y dem\u00e1s contenidos audiovisuales o sonoros, as\u00ed como su dise\u00f1o gr\u00e1fico y c\u00f3digos fuente, son propiedad intelectual de \u00a0Digital Soul Technology, sin que puedan entenderse cedidos al usuario ninguno de los derechos de explotaci\u00f3n sobre los mismos m\u00e1s all\u00e1 de lo estrictamente necesario para el correcto uso del sitio web.<\/p>\n\n\n\n<h4 class=\"wp-block-heading\"><strong>Protecci\u00f3n de Datos<\/strong><\/h4>\n\n\n\n<p>\u00a0Digital Soul Technology cumple con la normativa vigente en materia de protecci\u00f3n de datos, y asegura la correcta gesti\u00f3n de los datos de car\u00e1cter personal que puedan recabarse a trav\u00e9s de los formularios de contacto en el sitio web, de acuerdo con lo dispuesto en el Reglamento (UE) 2016\/679 (Reglamento General de Protecci\u00f3n de Datos).<\/p>\n\n\n\n<h4 class=\"wp-block-heading\"><strong>Responsabilidad de los Contenidos<\/strong><\/h4>\n\n\n\n<p>\u00a0Digital Soul Technology no se responsabiliza de la legalidad de otros sitios web de terceros desde los que pueda accederse a este sitio web. Tampoco responde por la legalidad de otros sitios web de terceros que pudieran estar vinculados o enlazados desde este sitio web.<\/p>\n\n\n\n<h4 class=\"wp-block-heading\"><strong>Legislaci\u00f3n y Jurisdicci\u00f3n Aplicable<\/strong><\/h4>\n\n\n\n<p>La relaci\u00f3n entre \u00a0Digital Soul Technology y el usuario se regir\u00e1 por la normativa espa\u00f1ola vigente, y cualquier controversia se someter\u00e1 a los Juzgados y Tribunales de la ciudad de Navarra, salvo que la legislaci\u00f3n aplicable disponga otra cosa.<\/p>\n\n\n\n<h4 class=\"wp-block-heading\"><strong>Contacto<\/strong><\/h4>\n\n\n\n<p>Para m\u00e1s informaci\u00f3n o cualquier duda sobre este Aviso Legal, por favor p\u00f3ngase en contacto con nosotros a trav\u00e9s del correo electr\u00f3nico: <a href=\"mailto:%20info@ver.video\" target=\"_blank\" rel=\"noreferrer noopener\">info@ver.video<\/a><\/p>","protected":false},"excerpt":{"rendered":"<p>En cumplimiento con lo dispuesto en la Ley 34\/2002, de 11 de julio, de Servicios de la Sociedad de la Informaci\u00f3n y de Comercio Electr\u00f3nico (LSSI-CE), se informa de los siguientes aspectos legales de este sitio web: Titularidad del Sitio Web Condiciones de uso El acceso y uso del sitio web de \u00a0Digital Soul Technology [&hellip;]<\/p>","protected":false},"author":1,"featured_media":0,"parent":0,"menu_order":0,"comment_status":"closed","ping_status":"closed","template":"","meta":{"footnotes":""},"class_list":["post-830","page","type-page","status-publish","hentry"],"yoast_head":"<!-- This site is optimized with the Yoast SEO plugin v25.8 - https:\/\/yoast.com\/wordpress\/plugins\/seo\/ -->\n<title>Aviso Legal - VER.video<\/title>\n<meta name=\"robots\" content=\"index, follow, max-snippet:-1, max-image-preview:large, max-video-preview:-1\" \/>\n<link rel=\"canonical\" href=\"https:\/\/ver.video\/en\/aviso-legal\/\" \/>\n<meta property=\"og:locale\" content=\"en_GB\" \/>\n<meta property=\"og:type\" content=\"article\" \/>\n<meta property=\"og:title\" content=\"Aviso Legal - VER.video\" \/>\n<meta property=\"og:description\" content=\"En cumplimiento con lo dispuesto en la Ley 34\/2002, de 11 de julio, de Servicios de la Sociedad de la Informaci\u00f3n y de Comercio Electr\u00f3nico (LSSI-CE), se informa de los siguientes aspectos legales de este sitio web: Titularidad del Sitio Web Condiciones de uso El acceso y uso del sitio web de \u00a0Digital Soul Technology [&hellip;]\" \/>\n<meta property=\"og:url\" content=\"https:\/\/ver.video\/en\/aviso-legal\/\" \/>\n<meta property=\"og:site_name\" content=\"VER.video\" \/>\n<meta property=\"article:modified_time\" content=\"2025-07-29T08:54:13+00:00\" \/>\n<meta name=\"twitter:card\" content=\"summary_large_image\" \/>\n<meta name=\"twitter:label1\" content=\"Estimated reading time\" \/>\n\t<meta name=\"twitter:data1\" content=\"2 minutes\" \/>\n<script type=\"application\/ld+json\" class=\"yoast-schema-graph\">{\"@context\":\"https:\/\/schema.org\",\"@graph\":[{\"@type\":\"WebPage\",\"@id\":\"https:\/\/ver.video\/aviso-legal\/\",\"url\":\"https:\/\/ver.video\/aviso-legal\/\",\"name\":\"Aviso Legal - VER.video\",\"isPartOf\":{\"@id\":\"https:\/\/ver.video\/#website\"},\"datePublished\":\"2025-07-29T08:54:03+00:00\",\"dateModified\":\"2025-07-29T08:54:13+00:00\",\"breadcrumb\":{\"@id\":\"https:\/\/ver.video\/aviso-legal\/#breadcrumb\"},\"inLanguage\":\"en-GB\",\"potentialAction\":[{\"@type\":\"ReadAction\",\"target\":[\"https:\/\/ver.video\/aviso-legal\/\"]}]},{\"@type\":\"BreadcrumbList\",\"@id\":\"https:\/\/ver.video\/aviso-legal\/#breadcrumb\",\"itemListElement\":[{\"@type\":\"ListItem\",\"position\":1,\"name\":\"Portada\",\"item\":\"https:\/\/ver.video\/\"},{\"@type\":\"ListItem\",\"position\":2,\"name\":\"Aviso Legal\"}]},{\"@type\":\"WebSite\",\"@id\":\"https:\/\/ver.video\/#website\",\"url\":\"https:\/\/ver.video\/\",\"name\":\"VER.video\",\"description\":\"Tu recomendador de contenido\",\"potentialAction\":[{\"@type\":\"SearchAction\",\"target\":{\"@type\":\"EntryPoint\",\"urlTemplate\":\"https:\/\/ver.video\/?s={search_term_string}\"},\"query-input\":{\"@type\":\"PropertyValueSpecification\",\"valueRequired\":true,\"valueName\":\"search_term_string\"}}],\"inLanguage\":\"en-GB\"}]}<\/script>\n<!-- \/ Yoast SEO plugin. -->","yoast_head_json":{"title":"Aviso Legal - VER.video","robots":{"index":"index","follow":"follow","max-snippet":"max-snippet:-1","max-image-preview":"max-image-preview:large","max-video-preview":"max-video-preview:-1"},"canonical":"https:\/\/ver.video\/en\/aviso-legal\/","og_locale":"en_GB","og_type":"article","og_title":"Aviso Legal - VER.video","og_description":"En cumplimiento con lo dispuesto en la Ley 34\/2002, de 11 de julio, de Servicios de la Sociedad de la Informaci\u00f3n y de Comercio Electr\u00f3nico (LSSI-CE), se informa de los siguientes aspectos legales de este sitio web: Titularidad del Sitio Web Condiciones de uso El acceso y uso del sitio web de \u00a0Digital Soul Technology [&hellip;]","og_url":"https:\/\/ver.video\/en\/aviso-legal\/","og_site_name":"VER.video","article_modified_time":"2025-07-29T08:54:13+00:00","twitter_card":"summary_large_image","twitter_misc":{"Estimated reading time":"2 minutes"},"schema":{"@context":"https:\/\/schema.org","@graph":[{"@type":"WebPage","@id":"https:\/\/ver.video\/aviso-legal\/","url":"https:\/\/ver.video\/aviso-legal\/","name":"Aviso Legal - VER.video","isPartOf":{"@id":"https:\/\/ver.video\/#website"},"datePublished":"2025-07-29T08:54:03+00:00","dateModified":"2025-07-29T08:54:13+00:00","breadcrumb":{"@id":"https:\/\/ver.video\/aviso-legal\/#breadcrumb"},"inLanguage":"en-GB","potentialAction":[{"@type":"ReadAction","target":["https:\/\/ver.video\/aviso-legal\/"]}]},{"@type":"BreadcrumbList","@id":"https:\/\/ver.video\/aviso-legal\/#breadcrumb","itemListElement":[{"@type":"ListItem","position":1,"name":"Portada","item":"https:\/\/ver.video\/"},{"@type":"ListItem","position":2,"name":"Aviso Legal"}]},{"@type":"WebSite","@id":"https:\/\/ver.video\/#website","url":"https:\/\/ver.video\/","name":"VER.video","description":"Tu recomendador de contenido","potentialAction":[{"@type":"SearchAction","target":{"@type":"EntryPoint","urlTemplate":"https:\/\/ver.video\/?s={search_term_string}"},"query-input":{"@type":"PropertyValueSpecification","valueRequired":true,"valueName":"search_term_string"}}],"inLanguage":"en-GB"}]}},"_links":{"self":[{"href":"https:\/\/ver.video\/en\/wp-json\/wp\/v2\/pages\/830","targetHints":{"allow":["GET"]}}],"collection":[{"href":"https:\/\/ver.video\/en\/wp-json\/wp\/v2\/pages"}],"about":[{"href":"https:\/\/ver.video\/en\/wp-json\/wp\/v2\/types\/page"}],"author":[{"embeddable":true,"href":"https:\/\/ver.video\/en\/wp-json\/wp\/v2\/users\/1"}],"replies":[{"embeddable":true,"href":"https:\/\/ver.video\/en\/wp-json\/wp\/v2\/comments?post=830"}],"version-history":[{"count":0,"href":"https:\/\/ver.video\/en\/wp-json\/wp\/v2\/pages\/830\/revisions"}],"wp:attachment":[{"href":"https:\/\/ver.video\/en\/wp-json\/wp\/v2\/media?parent=830"}],"curies":[{"name":"wp","href":"https:\/\/api.w.org\/{rel}","templated":true}]}}